{"id":116,"date":"2026-03-06T18:29:25","date_gmt":"2026-03-06T18:29:25","guid":{"rendered":"https:\/\/www.fornitzfurniture.com\/?page_id=116"},"modified":"2026-03-06T18:30:32","modified_gmt":"2026-03-06T18:30:32","slug":"jeg-kober","status":"publish","type":"page","link":"https:\/\/www.fornitzfurniture.com\/?page_id=116","title":{"rendered":"Jeg k\u00f8ber"},"content":{"rendered":"\n<p>kontakt mig p\u00e5 +4529659668 el mail fornitzfurniture@hotmail.com<\/p>\n\n\n\n<p>Jeg k\u00f8ber f\u00f8lgende:<br><\/p>\n\n\n\n<p>Teak m\u00f8bler<\/p>\n\n\n\n<p>Palisander m\u00f8bler<\/p>\n\n\n\n<p>L\u00e6der l\u00e6nestole og sofaer<\/p>\n\n\n\n<p>Overpolstrede m\u00f8bler<\/p>\n\n\n\n<p>Keramik lamper<\/p>\n\n\n\n<p>Lamper<\/p>\n\n\n\n<p>Varia<\/p>\n\n\n\n<p>Guld og s\u00f8lv<\/p>\n\n\n\n<p><\/p>\n\n\n\n<figure class=\"wp-block-gallery has-nested-images columns-default is-cropped wp-block-gallery-1 is-layout-flex wp-block-gallery-is-layout-flex\">\n<figure class=\"wp-block-image size-large\"><img loading=\"lazy\" decoding=\"async\" width=\"768\" height=\"1024\" data-id=\"70\" src=\"https:\/\/www.fornitzfurniture.com\/wp-content\/uploads\/2026\/03\/IMG_4973-768x1024.jpeg\" alt=\"\" class=\"wp-image-70\" srcset=\"https:\/\/www.fornitzfurniture.com\/wp-content\/uploads\/2026\/03\/IMG_4973-768x1024.jpeg 768w, https:\/\/www.fornitzfurniture.com\/wp-content\/uploads\/2026\/03\/IMG_4973-225x300.jpeg 225w, https:\/\/www.fornitzfurniture.com\/wp-content\/uploads\/2026\/03\/IMG_4973-1152x1536.jpeg 1152w, https:\/\/www.fornitzfurniture.com\/wp-content\/uploads\/2026\/03\/IMG_4973.jpeg 1536w\" sizes=\"auto, (max-width: 768px) 100vw, 768px\" \/><figcaption class=\"wp-element-caption\">l\u00e6nestol<\/figcaption><\/figure>\n\n\n\n<figure class=\"wp-block-image size-large\"><img loading=\"lazy\" decoding=\"async\" width=\"768\" height=\"1024\" data-id=\"18\" src=\"https:\/\/www.fornitzfurniture.com\/wp-content\/uploads\/2026\/03\/IMG_4641-768x1024.jpeg\" alt=\"\" class=\"wp-image-18\" srcset=\"https:\/\/www.fornitzfurniture.com\/wp-content\/uploads\/2026\/03\/IMG_4641-768x1024.jpeg 768w, https:\/\/www.fornitzfurniture.com\/wp-content\/uploads\/2026\/03\/IMG_4641-225x300.jpeg 225w, https:\/\/www.fornitzfurniture.com\/wp-content\/uploads\/2026\/03\/IMG_4641-1152x1536.jpeg 1152w, https:\/\/www.fornitzfurniture.com\/wp-content\/uploads\/2026\/03\/IMG_4641.jpeg 1536w\" sizes=\"auto, (max-width: 768px) 100vw, 768px\" \/><figcaption class=\"wp-element-caption\">sminkebord<\/figcaption><\/figure>\n<\/figure>\n\n\n\n<figure class=\"wp-block-image size-large\"><img loading=\"lazy\" decoding=\"async\" width=\"768\" height=\"1024\" src=\"https:\/\/www.fornitzfurniture.com\/wp-content\/uploads\/2026\/03\/IMG_4592-768x1024.jpeg\" alt=\"\" class=\"wp-image-15\" srcset=\"https:\/\/www.fornitzfurniture.com\/wp-content\/uploads\/2026\/03\/IMG_4592-768x1024.jpeg 768w, https:\/\/www.fornitzfurniture.com\/wp-content\/uploads\/2026\/03\/IMG_4592-225x300.jpeg 225w, https:\/\/www.fornitzfurniture.com\/wp-content\/uploads\/2026\/03\/IMG_4592-1152x1536.jpeg 1152w, https:\/\/www.fornitzfurniture.com\/wp-content\/uploads\/2026\/03\/IMG_4592.jpeg 1536w\" sizes=\"auto, (max-width: 768px) 100vw, 768px\" \/><figcaption class=\"wp-element-caption\">Oak nesting tables with red tiles<\/figcaption><\/figure>\n\n\n\n<figure class=\"wp-block-image size-large\"><img loading=\"lazy\" decoding=\"async\" width=\"768\" height=\"1024\" src=\"https:\/\/www.fornitzfurniture.com\/wp-content\/uploads\/2026\/03\/IMG_4997-768x1024.jpeg\" alt=\"\" class=\"wp-image-72\" srcset=\"https:\/\/www.fornitzfurniture.com\/wp-content\/uploads\/2026\/03\/IMG_4997-768x1024.jpeg 768w, https:\/\/www.fornitzfurniture.com\/wp-content\/uploads\/2026\/03\/IMG_4997-225x300.jpeg 225w, https:\/\/www.fornitzfurniture.com\/wp-content\/uploads\/2026\/03\/IMG_4997-1152x1536.jpeg 1152w, https:\/\/www.fornitzfurniture.com\/wp-content\/uploads\/2026\/03\/IMG_4997.jpeg 1536w\" sizes=\"auto, (max-width: 768px) 100vw, 768px\" \/><figcaption class=\"wp-element-caption\">Nesting tables designed by Severin Hansen and made by Haslev<\/figcaption><\/figure>\n","protected":false},"excerpt":{"rendered":"<p>kontakt mig p\u00e5 +4529659668 el mail fornitzfurniture@hotmail.com Jeg k\u00f8ber f\u00f8lgende: Teak m\u00f8bler Palisander m\u00f8bler L\u00e6der l\u00e6nestole og sofaer Overpolstrede m\u00f8bler Keramik lamper Lamper Varia Guld og s\u00f8lv<\/p>\n","protected":false},"author":1,"featured_media":0,"parent":0,"menu_order":0,"comment_status":"closed","ping_status":"closed","template":"","meta":{"footnotes":""},"class_list":["post-116","page","type-page","status-publish","hentry"],"_links":{"self":[{"href":"https:\/\/www.fornitzfurniture.com\/index.php?rest_route=\/wp\/v2\/pages\/116","targetHints":{"allow":["GET"]}}],"collection":[{"href":"https:\/\/www.fornitzfurniture.com\/index.php?rest_route=\/wp\/v2\/pages"}],"about":[{"href":"https:\/\/www.fornitzfurniture.com\/index.php?rest_route=\/wp\/v2\/types\/page"}],"author":[{"embeddable":true,"href":"https:\/\/www.fornitzfurniture.com\/index.php?rest_route=\/wp\/v2\/users\/1"}],"replies":[{"embeddable":true,"href":"https:\/\/www.fornitzfurniture.com\/index.php?rest_route=%2Fwp%2Fv2%2Fcomments&post=116"}],"version-history":[{"count":3,"href":"https:\/\/www.fornitzfurniture.com\/index.php?rest_route=\/wp\/v2\/pages\/116\/revisions"}],"predecessor-version":[{"id":120,"href":"https:\/\/www.fornitzfurniture.com\/index.php?rest_route=\/wp\/v2\/pages\/116\/revisions\/120"}],"wp:attachment":[{"href":"https:\/\/www.fornitzfurniture.com\/index.php?rest_route=%2Fwp%2Fv2%2Fmedia&parent=116"}],"curies":[{"name":"wp","href":"https:\/\/api.w.org\/{rel}","templated":true}]}}